{"id":315,"date":"2025-09-28T16:14:46","date_gmt":"2025-09-28T16:14:46","guid":{"rendered":"https:\/\/eve-co.ch\/?page_id=315"},"modified":"2025-11-13T16:30:31","modified_gmt":"2025-11-13T16:30:31","slug":"boutique","status":"publish","type":"page","link":"https:\/\/eve-co.ch\/index.php\/boutique\/","title":{"rendered":"Boutique"},"content":{"rendered":"\t\t<div data-elementor-type=\"wp-page\" data-elementor-id=\"315\" class=\"elementor elementor-315\" data-elementor-post-type=\"page\">\n\t\t\t\t<div class=\"elementor-element elementor-element-17ba743 e-con-full e-flex wpr-particle-no wpr-jarallax-no wpr-parallax-no wpr-sticky-section-no e-con e-parent\" data-id=\"17ba743\" data-element_type=\"container\">\n\t\t\t\t<div class=\"elementor-element elementor-element-430b2e9 elementor-widget elementor-widget-heading\" data-id=\"430b2e9\" data-element_type=\"widget\" data-widget_type=\"heading.default\">\n\t\t\t\t\t<h2 class=\"elementor-heading-title elementor-size-default\">Boutique<\/h2>\t\t\t\t<\/div>\n\t\t\t\t<div class=\"elementor-element elementor-element-89139d4 elementor-widget elementor-widget-text-editor\" data-id=\"89139d4\" data-element_type=\"widget\" data-widget_type=\"text-editor.default\">\n\t\t\t\t\t\t\t\t\t<p>Choisissez la formule de paiement qui vous convient<\/p>\t\t\t\t\t\t\t\t<\/div>\n\t\t\t\t<\/div>\n\t\t<div class=\"elementor-element elementor-element-94e7253 e-con-full e-flex wpr-particle-no wpr-jarallax-no wpr-parallax-no wpr-sticky-section-no e-con e-parent\" data-id=\"94e7253\" data-element_type=\"container\">\n\t\t\t\t<div class=\"elementor-element elementor-element-0c15201 elementor-hidden-desktop elementor-hidden-tablet elementor-hidden-mobile eael-product-grid-column-4 elementor-widget elementor-widget-eicon-woocommerce\" data-id=\"0c15201\" data-element_type=\"widget\" data-widget_type=\"eicon-woocommerce.default\">\n\t\t\t\t\t\n        <div class=\"eael-product-grid eael-product-overlay grid\" id=\"eael-product-grid\" data-widget-id=\"0c15201\" data-page-id=\"315\" data-nonce=\"87728a3643\" >\n            <div class=\"woocommerce\">\n                <ul class=\"products eael-post-appender\" data-layout-mode=\"grid\" data-ssi-desktop=\"\" data-ssi-tablet=\"\" data-ssi-mobile=\"\"> <li class=\"product  post-313 type-product status-publish has-post-thumbnail product_cat-non-classe first instock virtual purchasable product-type-simple\">\n          <div class=\"eael-product-wrap\" data-src=\"\" data-src-hover=\"\">\n         <div class=\"overlay\">\n         <img fetchpriority=\"high\" decoding=\"async\" width=\"300\" height=\"198\" src=\"https:\/\/eve-co.ch\/wp-content\/uploads\/2025\/09\/Image-Pack-Bonheur_V2-e1751212518177-300x198.png\" class=\"attachment-medium size-medium\" alt=\"\ud83c\udf3f Pack Bonheur | \\n Paiement en 3 fois\" loading=\"eager\" srcset=\"https:\/\/eve-co.ch\/wp-content\/uploads\/2025\/09\/Image-Pack-Bonheur_V2-e1751212518177-300x198.png 300w, https:\/\/eve-co.ch\/wp-content\/uploads\/2025\/09\/Image-Pack-Bonheur_V2-e1751212518177-1024x676.png 1024w, https:\/\/eve-co.ch\/wp-content\/uploads\/2025\/09\/Image-Pack-Bonheur_V2-e1751212518177-768x507.png 768w, https:\/\/eve-co.ch\/wp-content\/uploads\/2025\/09\/Image-Pack-Bonheur_V2-e1751212518177-600x396.png 600w, https:\/\/eve-co.ch\/wp-content\/uploads\/2025\/09\/Image-Pack-Bonheur_V2-e1751212518177.png 1080w\" sizes=\"(max-width: 300px) 100vw, 300px\" \/>         <div class=\"button-wrap clearfix\">\n             <a href=\"https:\/\/eve-co.ch\/index.php\/product\/pack-bonheur-paiement-en-3-fois\/\" class=\"product-link\"><span class=\"fas fa-link\"><\/span><\/a>\n             <a href=\"\/index.php\/wp-json\/wp\/v2\/pages\/315?add-to-cart=313\" aria-describedby=\"woocommerce_loop_add_to_cart_link_describedby_313\" data-quantity=\"1\" class=\"button product_type_simple add_to_cart_button ajax_add_to_cart\" data-product_id=\"313\" data-product_sku=\"\" aria-label=\"Ajouter au panier\u00a0: &ldquo;\ud83c\udf3f Pack Bonheur | \\n Paiement en 3 fois&rdquo;\" rel=\"nofollow\" data-success_message=\"\u00ab\u00a0\ud83c\udf3f Pack Bonheur | \\n Paiement en 3 fois\u00a0\u00bb a \u00e9t\u00e9 ajout\u00e9 \u00e0 votre panier\" role=\"button\">Acheter maintenant<\/a>\t<span id=\"woocommerce_loop_add_to_cart_link_describedby_313\" class=\"screen-reader-text\">\n\t\t\t<\/span>\n                      <\/div>\n     <\/div>\n     <div class=\"eael-product-title\">\n     <a href=\"https:\/\/eve-co.ch\/index.php\/product\/pack-bonheur-paiement-en-3-fois\/\" class=\"woocommerce-LoopProduct-link woocommerce-loop-product__link\"><h2 class=\"woocommerce-loop-product__title\">\ud83c\udf3f Pack Bonheur | \\n Paiement en 3 fois<\/h2><\/a>\n     <\/div><div class=\"eael-star-rating star-rating\"><span style=\"width:0%\">Note <strong class=\"rating\">0<\/strong> sur 5<\/span><\/div><div class=\"eael-product-price\"><span class=\"woocommerce-Price-amount amount\"><bdi><span class=\"woocommerce-Price-currencySymbol\">&#67;&#72;&#70;<\/span>&nbsp;4'950<\/bdi><\/span><\/div>     <\/div>\n\n <\/li> <li class=\"product  post-312 type-product status-publish has-post-thumbnail product_cat-non-classe instock virtual purchasable product-type-simple\">\n          <div class=\"eael-product-wrap\" data-src=\"\" data-src-hover=\"\">\n         <div class=\"overlay\">\n         <img decoding=\"async\" width=\"300\" height=\"198\" src=\"https:\/\/eve-co.ch\/wp-content\/uploads\/2025\/09\/Image-Pack-Bonheur_V2-e1751212518177-300x198.png\" class=\"attachment-medium size-medium\" alt=\"\ud83c\udf3f Pack Bonheur | \\n Paiment en 1 fois\" loading=\"eager\" srcset=\"https:\/\/eve-co.ch\/wp-content\/uploads\/2025\/09\/Image-Pack-Bonheur_V2-e1751212518177-300x198.png 300w, https:\/\/eve-co.ch\/wp-content\/uploads\/2025\/09\/Image-Pack-Bonheur_V2-e1751212518177-1024x676.png 1024w, https:\/\/eve-co.ch\/wp-content\/uploads\/2025\/09\/Image-Pack-Bonheur_V2-e1751212518177-768x507.png 768w, https:\/\/eve-co.ch\/wp-content\/uploads\/2025\/09\/Image-Pack-Bonheur_V2-e1751212518177-600x396.png 600w, https:\/\/eve-co.ch\/wp-content\/uploads\/2025\/09\/Image-Pack-Bonheur_V2-e1751212518177.png 1080w\" sizes=\"(max-width: 300px) 100vw, 300px\" \/>         <div class=\"button-wrap clearfix\">\n             <a href=\"https:\/\/eve-co.ch\/index.php\/product\/pack-bonheur-paiment-en-1-fois\/\" class=\"product-link\"><span class=\"fas fa-link\"><\/span><\/a>\n             <a href=\"\/index.php\/wp-json\/wp\/v2\/pages\/315?add-to-cart=312\" aria-describedby=\"woocommerce_loop_add_to_cart_link_describedby_312\" data-quantity=\"1\" class=\"button product_type_simple add_to_cart_button ajax_add_to_cart\" data-product_id=\"312\" data-product_sku=\"\" aria-label=\"Ajouter au panier\u00a0: &ldquo;\ud83c\udf3f Pack Bonheur | \\n Paiment en 1 fois&rdquo;\" rel=\"nofollow\" data-success_message=\"\u00ab\u00a0\ud83c\udf3f Pack Bonheur | \\n Paiment en 1 fois\u00a0\u00bb a \u00e9t\u00e9 ajout\u00e9 \u00e0 votre panier\" role=\"button\">Acheter maintenant<\/a>\t<span id=\"woocommerce_loop_add_to_cart_link_describedby_312\" class=\"screen-reader-text\">\n\t\t\t<\/span>\n                      <\/div>\n     <\/div>\n     <div class=\"eael-product-title\">\n     <a href=\"https:\/\/eve-co.ch\/index.php\/product\/pack-bonheur-paiment-en-1-fois\/\" class=\"woocommerce-LoopProduct-link woocommerce-loop-product__link\"><h2 class=\"woocommerce-loop-product__title\">\ud83c\udf3f Pack Bonheur | \\n Paiment en 1 fois<\/h2><\/a>\n     <\/div><div class=\"eael-star-rating star-rating\"><span style=\"width:0%\">Note <strong class=\"rating\">0<\/strong> sur 5<\/span><\/div><div class=\"eael-product-price\"><span class=\"woocommerce-Price-amount amount\"><bdi><span class=\"woocommerce-Price-currencySymbol\">&#67;&#72;&#70;<\/span>&nbsp;4'850<\/bdi><\/span><\/div>     <\/div>\n\n <\/li><\/ul>            <\/div>\n        <\/div>\n\n        <script type=\"text\/javascript\">\n            jQuery(document).ready(function($) {\n                var $scope = jQuery(\".elementor-element-0c15201\");\n                var $products = $('.products', $scope);\n                var $layout_mode = $products.data('layout-mode');\n                \n                if ( $layout_mode === 'masonry' ) {\n                    \/\/ init isotope\n                    var $isotope_products = $products.isotope({\n                        itemSelector: \"li.product\",\n                        layoutMode: $layout_mode,\n                        percentPosition: true\n                    });\n\n                    $isotope_products.imagesLoaded().progress( function() {\n                        $isotope_products.isotope('layout');\n                    })\n                    \n                }\n            });\n        <\/script>\n        \t\t\t\t<\/div>\n\t\t\t\t<\/div>\n\t\t<div class=\"elementor-element elementor-element-0bfc17a e-flex e-con-boxed wpr-particle-no wpr-jarallax-no wpr-parallax-no wpr-sticky-section-no e-con e-parent\" data-id=\"0bfc17a\" data-element_type=\"container\">\n\t\t\t\t\t<div class=\"e-con-inner\">\n\t\t\t\t<div class=\"elementor-element elementor-element-28bec5e elementor-grid-mobile-2 elementor-grid-4 elementor-grid-tablet-3 elementor-products-grid elementor-wc-products elementor-widget elementor-widget-woocommerce-products\" data-id=\"28bec5e\" data-element_type=\"widget\" data-widget_type=\"woocommerce-products.default\">\n\t\t\t\t<div class=\"elementor-widget-container\">\n\t\t\t\t\t<div class=\"woocommerce columns-4 \"><ul class=\"products elementor-grid columns-4\">\n<li class=\"product type-product post-313 status-publish first instock product_cat-non-classe has-post-thumbnail virtual purchasable product-type-simple\">\n\t<a href=\"https:\/\/eve-co.ch\/index.php\/product\/pack-bonheur-paiement-en-3-fois\/\" class=\"woocommerce-LoopProduct-link woocommerce-loop-product__link\"><img decoding=\"async\" width=\"300\" height=\"300\" src=\"https:\/\/eve-co.ch\/wp-content\/uploads\/2025\/09\/Image-Pack-Bonheur_V2-e1751212518177-300x300.png\" class=\"attachment-woocommerce_thumbnail size-woocommerce_thumbnail\" alt=\"\ud83c\udf3f Pack Bonheur | \\n Paiement en 3 fois\" srcset=\"https:\/\/eve-co.ch\/wp-content\/uploads\/2025\/09\/Image-Pack-Bonheur_V2-e1751212518177-300x300.png 300w, https:\/\/eve-co.ch\/wp-content\/uploads\/2025\/09\/Image-Pack-Bonheur_V2-e1751212518177-150x150.png 150w, https:\/\/eve-co.ch\/wp-content\/uploads\/2025\/09\/Image-Pack-Bonheur_V2-e1751212518177-100x100.png 100w\" sizes=\"(max-width: 300px) 100vw, 300px\" \/><h2 class=\"woocommerce-loop-product__title\">\ud83c\udf3f Pack Bonheur | <br> Paiement en 3 fois<\/h2>\n\t<span class=\"price\"><span class=\"woocommerce-Price-amount amount\"><bdi><span class=\"woocommerce-Price-currencySymbol\">&#67;&#72;&#70;<\/span>&nbsp;4'950<\/bdi><\/span><\/span>\n<\/a><\/a><a href=\"\/index.php\/wp-json\/wp\/v2\/pages\/315?add-to-cart=313\" aria-describedby=\"woocommerce_loop_add_to_cart_link_describedby_313\" data-quantity=\"1\" class=\"button product_type_simple add_to_cart_button ajax_add_to_cart\" data-product_id=\"313\" data-product_sku=\"\" aria-label=\"Ajouter au panier\u00a0: &ldquo;\ud83c\udf3f Pack Bonheur | \\n Paiement en 3 fois&rdquo;\" rel=\"nofollow\" data-success_message=\"\u00ab\u00a0\ud83c\udf3f Pack Bonheur | \\n Paiement en 3 fois\u00a0\u00bb a \u00e9t\u00e9 ajout\u00e9 \u00e0 votre panier\" role=\"button\">Ajouter au panier<\/a>\t<span id=\"woocommerce_loop_add_to_cart_link_describedby_313\" class=\"screen-reader-text\">\n\t\t\t<\/span>\n<\/li>\n<li class=\"product type-product post-312 status-publish instock product_cat-non-classe has-post-thumbnail virtual purchasable product-type-simple\">\n\t<a href=\"https:\/\/eve-co.ch\/index.php\/product\/pack-bonheur-paiment-en-1-fois\/\" class=\"woocommerce-LoopProduct-link woocommerce-loop-product__link\"><img decoding=\"async\" width=\"300\" height=\"300\" src=\"https:\/\/eve-co.ch\/wp-content\/uploads\/2025\/09\/Image-Pack-Bonheur_V2-e1751212518177-300x300.png\" class=\"attachment-woocommerce_thumbnail size-woocommerce_thumbnail\" alt=\"\ud83c\udf3f Pack Bonheur | \\n Paiment en 1 fois\" srcset=\"https:\/\/eve-co.ch\/wp-content\/uploads\/2025\/09\/Image-Pack-Bonheur_V2-e1751212518177-300x300.png 300w, https:\/\/eve-co.ch\/wp-content\/uploads\/2025\/09\/Image-Pack-Bonheur_V2-e1751212518177-150x150.png 150w, https:\/\/eve-co.ch\/wp-content\/uploads\/2025\/09\/Image-Pack-Bonheur_V2-e1751212518177-100x100.png 100w\" sizes=\"(max-width: 300px) 100vw, 300px\" \/><h2 class=\"woocommerce-loop-product__title\">\ud83c\udf3f Pack Bonheur | <br> Paiment en 1 fois<\/h2>\n\t<span class=\"price\"><span class=\"woocommerce-Price-amount amount\"><bdi><span class=\"woocommerce-Price-currencySymbol\">&#67;&#72;&#70;<\/span>&nbsp;4'850<\/bdi><\/span><\/span>\n<\/a><\/a><a href=\"\/index.php\/wp-json\/wp\/v2\/pages\/315?add-to-cart=312\" aria-describedby=\"woocommerce_loop_add_to_cart_link_describedby_312\" data-quantity=\"1\" class=\"button product_type_simple add_to_cart_button ajax_add_to_cart\" data-product_id=\"312\" data-product_sku=\"\" aria-label=\"Ajouter au panier\u00a0: &ldquo;\ud83c\udf3f Pack Bonheur | \\n Paiment en 1 fois&rdquo;\" rel=\"nofollow\" data-success_message=\"\u00ab\u00a0\ud83c\udf3f Pack Bonheur | \\n Paiment en 1 fois\u00a0\u00bb a \u00e9t\u00e9 ajout\u00e9 \u00e0 votre panier\" role=\"button\">Ajouter au panier<\/a>\t<span id=\"woocommerce_loop_add_to_cart_link_describedby_312\" class=\"screen-reader-text\">\n\t\t\t<\/span>\n<\/li>\n<\/ul>\n<\/div>\t\t\t\t<\/div>\n\t\t\t\t<\/div>\n\t\t\t\t\t<\/div>\n\t\t\t\t<\/div>\n\t\t\t\t<\/div>\n\t\t","protected":false},"excerpt":{"rendered":"<p>Boutique Choisissez la formule de paiement qui vous convient Acheter maintenant \ud83c\udf3f Pack Bonheur | n Paiement en 3 fois Note 0 sur 5&#67;&#72;&#70;&nbsp;4&rsquo;950 Acheter maintenant \ud83c\udf3f Pack Bonheur | n Paiment en 1 fois Note 0 sur 5&#67;&#72;&#70;&nbsp;4&rsquo;850<\/p>\n","protected":false},"author":1,"featured_media":0,"parent":0,"menu_order":0,"comment_status":"closed","ping_status":"closed","template":"elementor_header_footer","meta":{"footnotes":""},"class_list":["post-315","page","type-page","status-publish","hentry"],"yoast_head":"<!-- This site is optimized with the Yoast SEO plugin v26.0 - https:\/\/yoast.com\/wordpress\/plugins\/seo\/ -->\n<title>Boutique - Eve Co<\/title>\n<meta name=\"robots\" content=\"index, follow, max-snippet:-1, max-image-preview:large, max-video-preview:-1\" \/>\n<link rel=\"canonical\" href=\"https:\/\/eve-co.ch\/index.php\/boutique\/\" \/>\n<meta property=\"og:locale\" content=\"fr_FR\" \/>\n<meta property=\"og:type\" content=\"article\" \/>\n<meta property=\"og:title\" content=\"Boutique - Eve Co\" \/>\n<meta property=\"og:description\" content=\"Boutique Choisissez la formule de paiement qui vous convient Acheter maintenant \ud83c\udf3f Pack Bonheur | n Paiement en 3 fois Note 0 sur 5&#067;&#072;&#070;&nbsp;4&rsquo;950 Acheter maintenant \ud83c\udf3f Pack Bonheur | n Paiment en 1 fois Note 0 sur 5&#067;&#072;&#070;&nbsp;4&rsquo;850\" \/>\n<meta property=\"og:url\" content=\"https:\/\/eve-co.ch\/index.php\/boutique\/\" \/>\n<meta property=\"og:site_name\" content=\"Eve Co\" \/>\n<meta property=\"article:modified_time\" content=\"2025-11-13T16:30:31+00:00\" \/>\n<meta property=\"og:image\" content=\"https:\/\/eve-co.ch\/wp-content\/uploads\/2025\/09\/Image-Pack-Bonheur_V2-e1751212518177-300x198.png\" \/>\n<meta name=\"twitter:card\" content=\"summary_large_image\" \/>\n<meta name=\"twitter:label1\" content=\"Dur\u00e9e de lecture estim\u00e9e\" \/>\n\t<meta name=\"twitter:data1\" content=\"1 minute\" \/>\n<script type=\"application\/ld+json\" class=\"yoast-schema-graph\">{\"@context\":\"https:\/\/schema.org\",\"@graph\":[{\"@type\":\"WebPage\",\"@id\":\"https:\/\/eve-co.ch\/index.php\/boutique\/\",\"url\":\"https:\/\/eve-co.ch\/index.php\/boutique\/\",\"name\":\"Boutique - Eve Co\",\"isPartOf\":{\"@id\":\"https:\/\/eve-co.ch\/#website\"},\"primaryImageOfPage\":{\"@id\":\"https:\/\/eve-co.ch\/index.php\/boutique\/#primaryimage\"},\"image\":{\"@id\":\"https:\/\/eve-co.ch\/index.php\/boutique\/#primaryimage\"},\"thumbnailUrl\":\"https:\/\/eve-co.ch\/wp-content\/uploads\/2025\/09\/Image-Pack-Bonheur_V2-e1751212518177-300x198.png\",\"datePublished\":\"2025-09-28T16:14:46+00:00\",\"dateModified\":\"2025-11-13T16:30:31+00:00\",\"breadcrumb\":{\"@id\":\"https:\/\/eve-co.ch\/index.php\/boutique\/#breadcrumb\"},\"inLanguage\":\"fr-FR\",\"potentialAction\":[{\"@type\":\"ReadAction\",\"target\":[\"https:\/\/eve-co.ch\/index.php\/boutique\/\"]}]},{\"@type\":\"ImageObject\",\"inLanguage\":\"fr-FR\",\"@id\":\"https:\/\/eve-co.ch\/index.php\/boutique\/#primaryimage\",\"url\":\"https:\/\/eve-co.ch\/wp-content\/uploads\/2025\/09\/Image-Pack-Bonheur_V2-e1751212518177.png\",\"contentUrl\":\"https:\/\/eve-co.ch\/wp-content\/uploads\/2025\/09\/Image-Pack-Bonheur_V2-e1751212518177.png\",\"width\":1080,\"height\":713},{\"@type\":\"BreadcrumbList\",\"@id\":\"https:\/\/eve-co.ch\/index.php\/boutique\/#breadcrumb\",\"itemListElement\":[{\"@type\":\"ListItem\",\"position\":1,\"name\":\"Home\",\"item\":\"https:\/\/eve-co.ch\/\"},{\"@type\":\"ListItem\",\"position\":2,\"name\":\"Boutique\"}]},{\"@type\":\"WebSite\",\"@id\":\"https:\/\/eve-co.ch\/#website\",\"url\":\"https:\/\/eve-co.ch\/\",\"name\":\"Eve Co\",\"description\":\"\",\"publisher\":{\"@id\":\"https:\/\/eve-co.ch\/#organization\"},\"potentialAction\":[{\"@type\":\"SearchAction\",\"target\":{\"@type\":\"EntryPoint\",\"urlTemplate\":\"https:\/\/eve-co.ch\/?s={search_term_string}\"},\"query-input\":{\"@type\":\"PropertyValueSpecification\",\"valueRequired\":true,\"valueName\":\"search_term_string\"}}],\"inLanguage\":\"fr-FR\"},{\"@type\":\"Organization\",\"@id\":\"https:\/\/eve-co.ch\/#organization\",\"name\":\"Eve Co\",\"url\":\"https:\/\/eve-co.ch\/\",\"logo\":{\"@type\":\"ImageObject\",\"inLanguage\":\"fr-FR\",\"@id\":\"https:\/\/eve-co.ch\/#\/schema\/logo\/image\/\",\"url\":\"https:\/\/eve-co.ch\/wp-content\/uploads\/2025\/09\/Design-sans-titre.zip-2.png\",\"contentUrl\":\"https:\/\/eve-co.ch\/wp-content\/uploads\/2025\/09\/Design-sans-titre.zip-2.png\",\"width\":1080,\"height\":1080,\"caption\":\"Eve Co\"},\"image\":{\"@id\":\"https:\/\/eve-co.ch\/#\/schema\/logo\/image\/\"}}]}<\/script>\n<!-- \/ Yoast SEO plugin. -->","yoast_head_json":{"title":"Boutique - Eve Co","robots":{"index":"index","follow":"follow","max-snippet":"max-snippet:-1","max-image-preview":"max-image-preview:large","max-video-preview":"max-video-preview:-1"},"canonical":"https:\/\/eve-co.ch\/index.php\/boutique\/","og_locale":"fr_FR","og_type":"article","og_title":"Boutique - Eve Co","og_description":"Boutique Choisissez la formule de paiement qui vous convient Acheter maintenant \ud83c\udf3f Pack Bonheur | n Paiement en 3 fois Note 0 sur 5&#67;&#72;&#70;&nbsp;4&rsquo;950 Acheter maintenant \ud83c\udf3f Pack Bonheur | n Paiment en 1 fois Note 0 sur 5&#67;&#72;&#70;&nbsp;4&rsquo;850","og_url":"https:\/\/eve-co.ch\/index.php\/boutique\/","og_site_name":"Eve Co","article_modified_time":"2025-11-13T16:30:31+00:00","og_image":[{"url":"https:\/\/eve-co.ch\/wp-content\/uploads\/2025\/09\/Image-Pack-Bonheur_V2-e1751212518177-300x198.png","type":"","width":"","height":""}],"twitter_card":"summary_large_image","twitter_misc":{"Dur\u00e9e de lecture estim\u00e9e":"1 minute"},"schema":{"@context":"https:\/\/schema.org","@graph":[{"@type":"WebPage","@id":"https:\/\/eve-co.ch\/index.php\/boutique\/","url":"https:\/\/eve-co.ch\/index.php\/boutique\/","name":"Boutique - Eve Co","isPartOf":{"@id":"https:\/\/eve-co.ch\/#website"},"primaryImageOfPage":{"@id":"https:\/\/eve-co.ch\/index.php\/boutique\/#primaryimage"},"image":{"@id":"https:\/\/eve-co.ch\/index.php\/boutique\/#primaryimage"},"thumbnailUrl":"https:\/\/eve-co.ch\/wp-content\/uploads\/2025\/09\/Image-Pack-Bonheur_V2-e1751212518177-300x198.png","datePublished":"2025-09-28T16:14:46+00:00","dateModified":"2025-11-13T16:30:31+00:00","breadcrumb":{"@id":"https:\/\/eve-co.ch\/index.php\/boutique\/#breadcrumb"},"inLanguage":"fr-FR","potentialAction":[{"@type":"ReadAction","target":["https:\/\/eve-co.ch\/index.php\/boutique\/"]}]},{"@type":"ImageObject","inLanguage":"fr-FR","@id":"https:\/\/eve-co.ch\/index.php\/boutique\/#primaryimage","url":"https:\/\/eve-co.ch\/wp-content\/uploads\/2025\/09\/Image-Pack-Bonheur_V2-e1751212518177.png","contentUrl":"https:\/\/eve-co.ch\/wp-content\/uploads\/2025\/09\/Image-Pack-Bonheur_V2-e1751212518177.png","width":1080,"height":713},{"@type":"BreadcrumbList","@id":"https:\/\/eve-co.ch\/index.php\/boutique\/#breadcrumb","itemListElement":[{"@type":"ListItem","position":1,"name":"Home","item":"https:\/\/eve-co.ch\/"},{"@type":"ListItem","position":2,"name":"Boutique"}]},{"@type":"WebSite","@id":"https:\/\/eve-co.ch\/#website","url":"https:\/\/eve-co.ch\/","name":"Eve Co","description":"","publisher":{"@id":"https:\/\/eve-co.ch\/#organization"},"potentialAction":[{"@type":"SearchAction","target":{"@type":"EntryPoint","urlTemplate":"https:\/\/eve-co.ch\/?s={search_term_string}"},"query-input":{"@type":"PropertyValueSpecification","valueRequired":true,"valueName":"search_term_string"}}],"inLanguage":"fr-FR"},{"@type":"Organization","@id":"https:\/\/eve-co.ch\/#organization","name":"Eve Co","url":"https:\/\/eve-co.ch\/","logo":{"@type":"ImageObject","inLanguage":"fr-FR","@id":"https:\/\/eve-co.ch\/#\/schema\/logo\/image\/","url":"https:\/\/eve-co.ch\/wp-content\/uploads\/2025\/09\/Design-sans-titre.zip-2.png","contentUrl":"https:\/\/eve-co.ch\/wp-content\/uploads\/2025\/09\/Design-sans-titre.zip-2.png","width":1080,"height":1080,"caption":"Eve Co"},"image":{"@id":"https:\/\/eve-co.ch\/#\/schema\/logo\/image\/"}}]}},"jetpack_sharing_enabled":true,"_links":{"self":[{"href":"https:\/\/eve-co.ch\/index.php\/wp-json\/wp\/v2\/pages\/315","targetHints":{"allow":["GET"]}}],"collection":[{"href":"https:\/\/eve-co.ch\/index.php\/wp-json\/wp\/v2\/pages"}],"about":[{"href":"https:\/\/eve-co.ch\/index.php\/wp-json\/wp\/v2\/types\/page"}],"author":[{"embeddable":true,"href":"https:\/\/eve-co.ch\/index.php\/wp-json\/wp\/v2\/users\/1"}],"replies":[{"embeddable":true,"href":"https:\/\/eve-co.ch\/index.php\/wp-json\/wp\/v2\/comments?post=315"}],"version-history":[{"count":31,"href":"https:\/\/eve-co.ch\/index.php\/wp-json\/wp\/v2\/pages\/315\/revisions"}],"predecessor-version":[{"id":580,"href":"https:\/\/eve-co.ch\/index.php\/wp-json\/wp\/v2\/pages\/315\/revisions\/580"}],"wp:attachment":[{"href":"https:\/\/eve-co.ch\/index.php\/wp-json\/wp\/v2\/media?parent=315"}],"curies":[{"name":"wp","href":"https:\/\/api.w.org\/{rel}","templated":true}]}}